{"id":8,"date":"2025-12-24T02:28:54","date_gmt":"2025-12-24T01:28:54","guid":{"rendered":"http:\/\/www.radiocatolica.org\/rcn\/?page_id=8"},"modified":"2026-02-28T01:09:19","modified_gmt":"2026-02-28T00:09:19","slug":"inicio","status":"publish","type":"page","link":"http:\/\/www.radiocatolica.org\/rcn\/inicio\/","title":{"rendered":"Inicio"},"content":{"rendered":"\t\t<div data-elementor-type=\"wp-page\" data-elementor-id=\"8\" class=\"elementor elementor-8\" data-elementor-post-type=\"page\">\n\t\t\t\t<div class=\"elementor-element elementor-element-e6c12f1 e-grid e-con-boxed wpr-particle-no wpr-jarallax-no wpr-parallax-no wpr-sticky-section-no e-con e-parent\" data-id=\"e6c12f1\" data-element_type=\"container\" data-settings=\"{&quot;background_background&quot;:&quot;gradient&quot;}\">\n\t\t\t\t\t<div class=\"e-con-inner\">\n\t\t\t\t<div class=\"elementor-element elementor-element-486a763 elementor-widget elementor-widget-image\" data-id=\"486a763\" data-element_type=\"widget\" data-widget_type=\"image.default\">\n\t\t\t\t\t\t\t\t\t\t\t\t\t\t\t<img fetchpriority=\"high\" decoding=\"async\" width=\"225\" height=\"225\" src=\"http:\/\/www.radiocatolica.org\/rcn\/wp-content\/uploads\/2025\/12\/pixelcut-export.png\" class=\"attachment-large size-large wp-image-25\" alt=\"\" srcset=\"http:\/\/www.radiocatolica.org\/rcn\/wp-content\/uploads\/2025\/12\/pixelcut-export.png 225w, http:\/\/www.radiocatolica.org\/rcn\/wp-content\/uploads\/2025\/12\/pixelcut-export-150x150.png 150w\" sizes=\"(max-width: 225px) 100vw, 225px\" \/>\t\t\t\t\t\t\t\t\t\t\t\t\t\t\t<\/div>\n\t\t\t\t<div class=\"elementor-element elementor-element-60d1acc elementor-widget elementor-widget-heading\" data-id=\"60d1acc\" data-element_type=\"widget\" data-widget_type=\"heading.default\">\n\t\t\t\t\t<h2 class=\"elementor-heading-title elementor-size-default\">Por Cristo y por su Iglesia<\/h2>\t\t\t\t<\/div>\n\t\t\t\t\t<\/div>\n\t\t\t\t<\/div>\n\t\t<div class=\"elementor-element elementor-element-81face0 e-flex e-con-boxed wpr-particle-no wpr-jarallax-no wpr-parallax-no wpr-sticky-section-no e-con e-parent\" data-id=\"81face0\" data-element_type=\"container\">\n\t\t\t\t\t<div class=\"e-con-inner\">\n\t\t\t\t\t<\/div>\n\t\t\t\t<\/div>\n\t\t<div class=\"elementor-element elementor-element-1f43c66e e-flex e-con-boxed wpr-particle-no wpr-jarallax-no wpr-parallax-no wpr-sticky-section-no e-con e-parent\" data-id=\"1f43c66e\" data-element_type=\"container\" id=\"xs_cta_style_19\">\n\t\t\t\t\t<div class=\"e-con-inner\">\n\t\t<div class=\"elementor-element elementor-element-15967c05 e-con-full e-flex wpr-particle-no wpr-jarallax-no wpr-parallax-no wpr-sticky-section-no e-con e-child\" data-id=\"15967c05\" data-element_type=\"container\" data-settings=\"{&quot;background_background&quot;:&quot;classic&quot;}\">\n\t\t\t\t<div class=\"elementor-element elementor-element-284a97f0 elementor-widget elementor-widget-elementskit-heading\" data-id=\"284a97f0\" data-element_type=\"widget\" data-widget_type=\"elementskit-heading.default\">\n\t\t\t\t\t<div class=\"ekit-wid-con\" ><div class=\"ekit-heading elementskit-section-title-wraper center   ekit_heading_tablet-   ekit_heading_mobile-\"><h2 class=\"ekit-heading--title elementskit-section-title \">Programaci\u00f3n en l\u00ednea<\/h2>\t\t\t\t<div class='ekit-heading__description'>\n\t\t\t\t\t<p>Escuche nuestra programaci\u00f3n las 24 horas del d\u00eda<\/p>\n\t\t\t\t<\/div>\n\t\t\t<\/div><\/div>\t\t\t\t<\/div>\n\t\t\t\t<div class=\"elementor-element elementor-element-646c3200 elementor-align--mobilecenter elementor-align-center elementor-widget elementor-widget-elementskit-button\" data-id=\"646c3200\" data-element_type=\"widget\" data-widget_type=\"elementskit-button.default\">\n\t\t\t\t\t<div class=\"ekit-wid-con\" >\t\t<div class=\"ekit-btn-wraper\">\n\t\t\t\t\t\t\t<a href=\"http:\/\/popout.tunein.com\/embed\/player\/s167513?mode=popout&#038;partnerId=RadioTime&#038;serial=8c60a167-1362-41dc-9c2d-7bfcda8976f2\" class=\"elementskit-btn  whitespace--normal\" id=\"\">\n\t\t\t\t\tEscuchar ahora\t\t\t\t<\/a>\n\t\t\t\t\t<\/div>\n        <\/div>\t\t\t\t<\/div>\n\t\t\t\t<\/div>\n\t\t\t\t\t<\/div>\n\t\t\t\t<\/div>\n\t\t<div class=\"elementor-element elementor-element-97634de e-flex e-con-boxed wpr-particle-no wpr-jarallax-no wpr-parallax-no wpr-sticky-section-no e-con e-parent\" data-id=\"97634de\" data-element_type=\"container\">\n\t\t\t\t\t<div class=\"e-con-inner\">\n\t\t\t\t<div class=\"elementor-element elementor-element-4f38aa9 elementor-widget elementor-widget-image\" data-id=\"4f38aa9\" data-element_type=\"widget\" data-widget_type=\"image.default\">\n\t\t\t\t\t\t\t\t\t\t\t\t\t\t\t<img decoding=\"async\" width=\"724\" height=\"1024\" src=\"http:\/\/www.radiocatolica.org\/rcn\/wp-content\/uploads\/2026\/02\/leo-pp-xiv-foto-oficial-a4-scaled-1-724x1024.jpg\" class=\"attachment-large size-large wp-image-190\" alt=\"\" srcset=\"http:\/\/www.radiocatolica.org\/rcn\/wp-content\/uploads\/2026\/02\/leo-pp-xiv-foto-oficial-a4-scaled-1-724x1024.jpg 724w, http:\/\/www.radiocatolica.org\/rcn\/wp-content\/uploads\/2026\/02\/leo-pp-xiv-foto-oficial-a4-scaled-1-212x300.jpg 212w, http:\/\/www.radiocatolica.org\/rcn\/wp-content\/uploads\/2026\/02\/leo-pp-xiv-foto-oficial-a4-scaled-1-768x1086.jpg 768w, http:\/\/www.radiocatolica.org\/rcn\/wp-content\/uploads\/2026\/02\/leo-pp-xiv-foto-oficial-a4-scaled-1-1086x1536.jpg 1086w, http:\/\/www.radiocatolica.org\/rcn\/wp-content\/uploads\/2026\/02\/leo-pp-xiv-foto-oficial-a4-scaled-1-1448x2048.jpg 1448w, http:\/\/www.radiocatolica.org\/rcn\/wp-content\/uploads\/2026\/02\/leo-pp-xiv-foto-oficial-a4-scaled-1.jpg 1810w\" sizes=\"(max-width: 724px) 100vw, 724px\" \/>\t\t\t\t\t\t\t\t\t\t\t\t\t\t\t<\/div>\n\t\t\t\t<div class=\"elementor-element elementor-element-66d3cbd elementor-widget elementor-widget-html\" data-id=\"66d3cbd\" data-element_type=\"widget\" data-widget_type=\"html.default\">\n\t\t\t\t\t<vaticannews-widget lang=\"es\" fontSize=\"14\"><\/vaticannews-widget>\r\n<script src=\"https:\/\/www.vaticannews.va\/widget.js\"><\/script>\t\t\t\t<\/div>\n\t\t\t\t\t<\/div>\n\t\t\t\t<\/div>\n\t\t<div class=\"elementor-element elementor-element-8329816 e-flex e-con-boxed wpr-particle-no wpr-jarallax-no wpr-parallax-no wpr-sticky-section-no e-con e-parent\" data-id=\"8329816\" data-element_type=\"container\">\n\t\t\t\t\t<div class=\"e-con-inner\">\n\t\t\t\t\t<\/div>\n\t\t\t\t<\/div>\n\t\t<div class=\"elementor-element elementor-element-4ca5bf37 e-con-full e-flex wpr-particle-no wpr-jarallax-no wpr-parallax-no wpr-sticky-section-no e-con e-parent\" data-id=\"4ca5bf37\" data-element_type=\"container\" id=\"xs_team_9\">\n\t\t\t\t<div class=\"elementor-element elementor-element-3354d52e elementor-widget elementor-widget-elementskit-heading\" data-id=\"3354d52e\" data-element_type=\"widget\" data-widget_type=\"elementskit-heading.default\">\n\t\t\t\t\t<div class=\"ekit-wid-con\" ><div class=\"ekit-heading elementskit-section-title-wraper center   ekit_heading_tablet-   ekit_heading_mobile-\"><h3 class=\"ekit-heading--title elementskit-section-title \">Nuestra piedad Popular<\/h3>\t\t\t\t<div class='ekit-heading__description'>\n\t\t\t\t\t<p><strong>La piedad popular<\/strong>\u00a0penetra delicadamente la existencia personal de cada fiel y aunque tambi\u00e9n se vive en una multitud, no es una \u201cespiritualidad de masas\u201d. En distintos momentos de la lucha cotidiana, muchos recurren a alg\u00fan peque\u00f1o\u00a0<strong>signo del amor de Dios<\/strong>: un crucifijo, un rosario, una vela que se enciende para acompa\u00f1ar a un hijo en su enfermedad, un Padrenuestro musitado entre l\u00e1grimas, una mirada entra\u00f1able a una imagen querida de Mar\u00eda, una sonrisa dirigida al Cielo en medio de una sencilla alegr\u00eda.<strong><em> \"Documento de Aparecida, 6.1.3 La piedad popular como espacio de encuentro con Jesucristo, No.621.\"<\/em><\/strong><\/p>\n\t\t\t\t<\/div>\n\t\t\t<div class=\"ekit_heading_separetor_wraper ekit_heading_elementskit-border-divider ekit-dotted\"><div class=\"elementskit-border-divider ekit-dotted\"><\/div><\/div><\/div><\/div>\t\t\t\t<\/div>\n\t\t<div class=\"elementor-element elementor-element-55da57a8 e-con-full e-grid wpr-particle-no wpr-jarallax-no wpr-parallax-no wpr-sticky-section-no e-con e-child\" data-id=\"55da57a8\" data-element_type=\"container\">\n\t\t\t\t<div class=\"elementor-element elementor-element-1939156b elementor-widget elementor-widget-elementskit-team\" data-id=\"1939156b\" data-element_type=\"widget\" data-widget_type=\"elementskit-team.default\">\n\t\t\t\t<div class=\"elementor-widget-container\">\n\t\t\t\t\t<div class=\"ekit-wid-con\">\t\t\t\t\t\t\t\t <div class=\"profile-square-v square-v6 square-v6-v2 no_gutters\">\n\t\t<div class=\"profile-card elementor-animation- text-center ekit-team-style-long_height_details_hover\">\n\t\t\t\n\t\t\t\t<div class=\"profile-header ekit-team-img \" >\n\t\t\t\t\t<img decoding=\"async\" width=\"736\" height=\"1104\" src=\"http:\/\/www.radiocatolica.org\/rcn\/wp-content\/uploads\/2026\/02\/virgeninmac.jpg\" class=\"attachment-2048x2048 size-2048x2048 wp-image-263\" alt=\"\" srcset=\"http:\/\/www.radiocatolica.org\/rcn\/wp-content\/uploads\/2026\/02\/virgeninmac.jpg 736w, http:\/\/www.radiocatolica.org\/rcn\/wp-content\/uploads\/2026\/02\/virgeninmac-200x300.jpg 200w, http:\/\/www.radiocatolica.org\/rcn\/wp-content\/uploads\/2026\/02\/virgeninmac-683x1024.jpg 683w\" sizes=\"(max-width: 736px) 100vw, 736px\" \/>\t\t\t\t<\/div><!-- .profile-header END -->\n\t\t\t\n\n\t\t\t\t<div class=\"profile-body\">\n\t\t\t\t\t\n\t\t\t\t\t<h2 class=\"profile-title\">\n\t\t\t\t\t\t\t\t\t\t\tOraci\u00f3n a la Inmaculada Concepci\u00f3n \t\t\t\t\t\t\t\t\t\t<\/h2>\n\t\t\t\t\t<p class=\"profile-designation\">.<\/p>\n\t\t\t\t\t\t\t\t\t\t<p class=\"profile-content\">Virgen Sant\u00edsima, que habiendo agradado al Se\u00f1or fuiste elegida para ser su Madre, Inmaculada en cuerpo y alma, dirige piadosa una mirada sobre estos hijos que te imploran tu protecci\u00f3n.\n\nLa serpiente infernal, contra la cual fue lanzada la primera maldici\u00f3n, contin\u00faa atacando ferozmente y tendiendo lazos a los desterrados hijos de Eva.\n\nOh Madre amable, Reina y abogada nuestra, que desde el primer instante de tu Concepci\u00f3n aplastaste la cabeza del enemigo, acepta las oraciones que, unidas con las tuyas en un solo coraz\u00f3n, te suplicamos presentes ante el trono de Dios, a fin de que jam\u00e1s caigamos y podamos llegar todos al puerto de salvaci\u00f3n; que la Iglesia y la sociedad cristianas canten una vez m\u00e1s el himno de la victoria, de la libertad y la paz.\n\nAm\u00e9n.<\/p>\n\t\t\t\t\t\t\t\t\t<\/div><!-- .profile-body END -->\n\n\t\t\t\t\t\t\t\t<\/div>\n\t\t\t\t <\/div> \t\t\t\n\t\t\t\n\t\t\t\t<\/div>\t\t\t\t<\/div>\n\t\t\t\t<\/div>\n\t\t\t\t<div class=\"elementor-element elementor-element-378e07e8 elementor-widget elementor-widget-elementskit-team\" data-id=\"378e07e8\" data-element_type=\"widget\" data-widget_type=\"elementskit-team.default\">\n\t\t\t\t<div class=\"elementor-widget-container\">\n\t\t\t\t\t<div class=\"ekit-wid-con\">\t\t\t\t\t\t <div class=\"profile-square-v square-v6 no_gutters\"> \t\t\n\t\t<div class=\"profile-card elementor-animation- text-center ekit-team-style-long_height_details\">\n\t\t\t\n\t\t\t\t<div class=\"profile-header ekit-team-img \" >\n\t\t\t\t\t<img loading=\"lazy\" decoding=\"async\" width=\"330\" height=\"558\" src=\"http:\/\/www.radiocatolica.org\/rcn\/wp-content\/uploads\/2026\/02\/sanmiguelarcangel.jpg\" class=\"attachment-large size-large wp-image-209\" alt=\"\" srcset=\"http:\/\/www.radiocatolica.org\/rcn\/wp-content\/uploads\/2026\/02\/sanmiguelarcangel.jpg 330w, http:\/\/www.radiocatolica.org\/rcn\/wp-content\/uploads\/2026\/02\/sanmiguelarcangel-177x300.jpg 177w\" sizes=\"(max-width: 330px) 100vw, 330px\" \/>\t\t\t\t<\/div><!-- .profile-header END -->\n\t\t\t\n\n\t\t\t\t<div class=\"profile-body\">\n\t\t\t\t\t\n\t\t\t\t\t<h2 class=\"profile-title\">\n\t\t\t\t\t\t\t\t\t\t\tOraci\u00f3n a San Miguel Arc\u00e1ngel\t\t\t\t\t\t\t\t\t\t<\/h2>\n\t\t\t\t\t<p class=\"profile-designation\"><\/p>\n\t\t\t\t\t\t\t\t\t\t<p class=\"profile-content\">San Miguel Arc\u00e1ngel, defi\u00e9ndenos en la batalla.\nS\u00e9 nuestro amparo contra la perversidad y asechanzas del demonio.\nRepr\u00edmale Dios, pedimos suplicantes, y tu Pr\u00edncipe de la Milicia Celestial,\narroja al infierno con el divino poder a Satan\u00e1s y a los otros esp\u00edritus malignos\nque andan dispersos por el mundo para la perdici\u00f3n de las almas.\nAm\u00e9n<\/p>\n\t\t\t\t\t\t\t\t\t<\/div><!-- .profile-body END -->\n\n\t\t\t\t\t\t\t\t<\/div>\n\t\t\t\t <\/div> \t\t\t\n\t\t\t\n\t\t\t\t<\/div>\t\t\t\t<\/div>\n\t\t\t\t<\/div>\n\t\t\t\t<div class=\"elementor-element elementor-element-2fd9444c elementor-widget elementor-widget-elementskit-team\" data-id=\"2fd9444c\" data-element_type=\"widget\" data-widget_type=\"elementskit-team.default\">\n\t\t\t\t<div class=\"elementor-widget-container\">\n\t\t\t\t\t<div class=\"ekit-wid-con\">\t\t\t\t\t\t <div class=\"profile-square-v square-v6 no_gutters\"> \t\t\n\t\t<div class=\"profile-card elementor-animation- text-center ekit-team-style-long_height_details\">\n\t\t\t\n\t\t\t\t<div class=\"profile-header ekit-team-img \" >\n\t\t\t\t\t<img loading=\"lazy\" decoding=\"async\" width=\"609\" height=\"1024\" src=\"http:\/\/www.radiocatolica.org\/rcn\/wp-content\/uploads\/2026\/02\/sanjose-609x1024.jpg\" class=\"attachment-large size-large wp-image-213\" alt=\"\" srcset=\"http:\/\/www.radiocatolica.org\/rcn\/wp-content\/uploads\/2026\/02\/sanjose-609x1024.jpg 609w, http:\/\/www.radiocatolica.org\/rcn\/wp-content\/uploads\/2026\/02\/sanjose-178x300.jpg 178w, http:\/\/www.radiocatolica.org\/rcn\/wp-content\/uploads\/2026\/02\/sanjose.jpg 640w\" sizes=\"(max-width: 609px) 100vw, 609px\" \/>\t\t\t\t<\/div><!-- .profile-header END -->\n\t\t\t\n\n\t\t\t\t<div class=\"profile-body\">\n\t\t\t\t\t\n\t\t\t\t\t<h2 class=\"profile-title\">\n\t\t\t\t\t\t\t\t\t\t\tOraci\u00f3n a San Jos\u00e9\t\t\t\t\t\t\t\t\t\t<\/h2>\n\t\t\t\t\t<p class=\"profile-designation\"><\/p>\n\t\t\t\t\t\t\t\t\t\t<p class=\"profile-content\">Glorioso patriarca san Jos\u00e9, cuyo poder sabe hacer posibles las cosas imposibles, ven en mi ayuda en estos momentos de angustia y dificultad. Toma bajo tu protecci\u00f3n las situaciones tan graves y dif\u00edciles que te conf\u00edo, para que tengan una buena soluci\u00f3n. Mi amado Padre, toda mi confianza est\u00e1 puesta en ti. Que no se diga que te haya invocado en vano y, como puedes hacer todo con Jes\u00fas y Mar\u00eda, mu\u00e9strame que tu bondad es tan grande como tu poder. Am\u00e9n<\/p>\n\t\t\t\t\t\t\t\t\t<\/div><!-- .profile-body END -->\n\n\t\t\t\t\t\t\t\t<\/div>\n\t\t\t\t <\/div> \t\t\t\n\t\t\t\n\t\t\t\t<\/div>\t\t\t\t<\/div>\n\t\t\t\t<\/div>\n\t\t\t\t<div class=\"elementor-element elementor-element-3dab382b elementor-widget elementor-widget-elementskit-team\" data-id=\"3dab382b\" data-element_type=\"widget\" data-widget_type=\"elementskit-team.default\">\n\t\t\t\t<div class=\"elementor-widget-container\">\n\t\t\t\t\t<div class=\"ekit-wid-con\">\t\t\t\t\t\t <div class=\"profile-square-v square-v6 no_gutters\"> \t\t\n\t\t<div class=\"profile-card elementor-animation- text-center ekit-team-style-long_height_details\">\n\t\t\t\n\t\t\t\t<div class=\"profile-header ekit-team-img \" >\n\t\t\t\t\t<img loading=\"lazy\" decoding=\"async\" width=\"603\" height=\"1024\" src=\"http:\/\/www.radiocatolica.org\/rcn\/wp-content\/uploads\/2026\/02\/imagendelasangredecristo-603x1024.jpg\" class=\"attachment-large size-large wp-image-218\" alt=\"\" srcset=\"http:\/\/www.radiocatolica.org\/rcn\/wp-content\/uploads\/2026\/02\/imagendelasangredecristo-603x1024.jpg 603w, http:\/\/www.radiocatolica.org\/rcn\/wp-content\/uploads\/2026\/02\/imagendelasangredecristo-177x300.jpg 177w, http:\/\/www.radiocatolica.org\/rcn\/wp-content\/uploads\/2026\/02\/imagendelasangredecristo-768x1304.jpg 768w, http:\/\/www.radiocatolica.org\/rcn\/wp-content\/uploads\/2026\/02\/imagendelasangredecristo-905x1536.jpg 905w, http:\/\/www.radiocatolica.org\/rcn\/wp-content\/uploads\/2026\/02\/imagendelasangredecristo.jpg 960w\" sizes=\"(max-width: 603px) 100vw, 603px\" \/>\t\t\t\t<\/div><!-- .profile-header END -->\n\t\t\t\n\n\t\t\t\t<div class=\"profile-body\">\n\t\t\t\t\t\n\t\t\t\t\t<h2 class=\"profile-title\">\n\t\t\t\t\t\t\t\t\t\t\tOraci\u00f3n a la Sangre de Cristo\t\t\t\t\t\t\t\t\t\t<\/h2>\n\t\t\t\t\t<p class=\"profile-designation\"><\/p>\n\t\t\t\t\t\t\t\t\t\t<p class=\"profile-content\">Con el Poder de la Sangre de Jes\u00fas sellamos toda potestad destructora en el aire, en la tierra, en el agua, en el fuego, debajo de la tierra, en las fuerzas sat\u00e1nicas de la naturaleza, en los abismos del infierno, y en el mundo en el cual nos moveremos hoy.\n\nCon el Poder de la Sangre de Jes\u00fas rompemos toda interferencia y acci\u00f3n del Maligno. Te pedimos que env\u00edes a nuestros hogares y lugares de trabajo a la Sant\u00edsima Virgen Mar\u00eda acompa\u00f1ada de San Miguel, San Gabriel, San Rafael y toda su corte de Santos \u00c1ngeles.\n\nCon el Poder de la Sangre de Jes\u00fas sellamos nuestra casa, todos los que la habitan (nombrar a cada uno de ellos), las personas que el Se\u00f1or enviar\u00e1 a ella, as\u00ed como los alimentos y los bienes que \u00c9l generosamente nos env\u00eda para nuestro sustento.\n\nCon el Poder de la Sangre de Jes\u00fas sellamos tierra, puertas, ventanas, objetos, paredes y pisos, el aire que respiramos y en Fe, colocamos un c\u00edrculo de Su Sangre alrededor de toda nuestra familia. Am\u00e9n<\/p>\n\t\t\t\t\t\t\t\t\t<\/div><!-- .profile-body END -->\n\n\t\t\t\t\t\t\t\t<\/div>\n\t\t\t\t <\/div> \t\t\t\n\t\t\t\n\t\t\t\t<\/div>\t\t\t\t<\/div>\n\t\t\t\t<\/div>\n\t\t\t\t<\/div>\n\t\t\t\t<\/div>\n\t\t\t\t<\/div>\n\t\t","protected":false},"excerpt":{"rendered":"<p>Por Cristo y por su Iglesia Programaci\u00f3n en l\u00ednea Escuche nuestra programaci\u00f3n las 24 horas del d\u00eda Escuchar ahora Nuestra piedad Popular La piedad popular\u00a0penetra delicadamente la existencia personal de cada fiel y aunque tambi\u00e9n se vive en una multitud, no es una \u201cespiritualidad de masas\u201d. En distintos momentos de la lucha cotidiana, muchos recurren a alg\u00fan peque\u00f1o\u00a0signo del amor de Dios: un crucifijo, un rosario, una vela que se enciende para acompa\u00f1ar a un hijo en su enfermedad, un Padrenuestro musitado entre l\u00e1grimas, una mirada entra\u00f1able a una imagen querida de Mar\u00eda, una sonrisa dirigida al Cielo en medio de una sencilla alegr\u00eda. \u00abDocumento de Aparecida, 6.1.3 La piedad popular como espacio de encuentro con Jesucristo, No.621.\u00bb Oraci\u00f3n a la Inmaculada Concepci\u00f3n . Virgen Sant\u00edsima, que habiendo agradado al Se\u00f1or fuiste elegida para ser su Madre, Inmaculada en cuerpo y alma, dirige piadosa una mirada sobre estos hijos que te imploran tu protecci\u00f3n. La serpiente infernal, contra la cual fue lanzada la primera maldici\u00f3n, contin\u00faa atacando ferozmente y tendiendo lazos a los desterrados hijos de Eva. Oh Madre amable, Reina y abogada nuestra, que desde el primer instante de tu Concepci\u00f3n aplastaste la cabeza del enemigo, acepta las oraciones que, unidas con las tuyas en un solo coraz\u00f3n, te suplicamos presentes ante el trono de Dios, a fin de que jam\u00e1s caigamos y podamos llegar todos al puerto de salvaci\u00f3n; que la Iglesia y la sociedad cristianas canten una vez m\u00e1s el himno de la victoria, de la libertad y la paz. Am\u00e9n. Oraci\u00f3n a San Miguel Arc\u00e1ngel San Miguel Arc\u00e1ngel, defi\u00e9ndenos en la batalla. S\u00e9 nuestro amparo contra la perversidad y asechanzas del demonio. Repr\u00edmale Dios, pedimos suplicantes, y tu Pr\u00edncipe de la Milicia Celestial, arroja al infierno con el divino poder a Satan\u00e1s y a los otros esp\u00edritus malignos que andan dispersos por el mundo para la perdici\u00f3n de las almas. Am\u00e9n Oraci\u00f3n a San Jos\u00e9 Glorioso patriarca san Jos\u00e9, cuyo poder sabe hacer posibles las cosas imposibles, ven en mi ayuda en estos momentos de angustia y dificultad. Toma bajo tu protecci\u00f3n las situaciones tan graves y dif\u00edciles que te conf\u00edo, para que tengan una buena soluci\u00f3n. Mi amado Padre, toda mi confianza est\u00e1 puesta en ti. Que no se diga que te haya invocado en vano y, como puedes hacer todo con Jes\u00fas y Mar\u00eda, mu\u00e9strame que tu bondad es tan grande como tu poder. Am\u00e9n Oraci\u00f3n a la Sangre de Cristo Con el Poder de la Sangre de Jes\u00fas sellamos toda potestad destructora en el aire, en la tierra, en el agua, en el fuego, debajo de la tierra, en las fuerzas sat\u00e1nicas de la naturaleza, en los abismos del infierno, y en el mundo en el cual nos moveremos hoy. Con el Poder de la Sangre de Jes\u00fas rompemos toda interferencia y acci\u00f3n del Maligno. Te pedimos que env\u00edes a nuestros hogares y lugares de trabajo a la Sant\u00edsima Virgen Mar\u00eda acompa\u00f1ada de San Miguel, San Gabriel, San Rafael y toda su corte de Santos \u00c1ngeles. Con el Poder de la Sangre de Jes\u00fas sellamos nuestra casa, todos los que la habitan (nombrar a cada uno de ellos), las personas que el Se\u00f1or enviar\u00e1 a ella, as\u00ed como los alimentos y los bienes que \u00c9l generosamente nos env\u00eda para nuestro sustento. Con el Poder de la Sangre de Jes\u00fas sellamos tierra, puertas, ventanas, objetos, paredes y pisos, el aire que respiramos y en Fe, colocamos un c\u00edrculo de Su Sangre alrededor de toda nuestra familia. Am\u00e9n<\/p>\n","protected":false},"author":1,"featured_media":0,"parent":0,"menu_order":0,"comment_status":"closed","ping_status":"closed","template":"","meta":{"site-sidebar-layout":"no-sidebar","site-content-layout":"","ast-site-content-layout":"full-width-container","site-content-style":"default","site-sidebar-style":"default","ast-global-header-display":"","ast-banner-title-visibility":"","ast-main-header-display":"","ast-hfb-above-header-display":"","ast-hfb-below-header-display":"","ast-hfb-mobile-header-display":"","site-post-title":"disabled","ast-breadcrumbs-content":"","ast-featured-img":"disabled","footer-sml-layout":"","ast-disable-related-posts":"","theme-transparent-header-meta":"","adv-header-id-meta":"","stick-header-meta":"","header-above-stick-meta":"","header-main-stick-meta":"","header-below-stick-meta":"","astra-migrate-meta-layouts":"default","ast-page-background-enabled":"default","ast-page-background-meta":{"desktop":{"background-color":"var(--ast-global-color-5)","background-image":"","background-repeat":"repeat","background-position":"center center","background-size":"auto","background-attachment":"scroll","background-type":"","background-media":"","overlay-type":"","overlay-color":"","overlay-opacity":"","overlay-gradient":""},"tablet":{"background-color":"","background-image":"","background-repeat":"repeat","background-position":"center center","background-size":"auto","background-attachment":"scroll","background-type":"","background-media":"","overlay-type":"","overlay-color":"","overlay-opacity":"","overlay-gradient":""},"mobile":{"background-color":"","background-image":"","background-repeat":"repeat","background-position":"center center","background-size":"auto","background-attachment":"scroll","background-type":"","background-media":"","overlay-type":"","overlay-color":"","overlay-opacity":"","overlay-gradient":""}},"ast-content-background-meta":{"desktop":{"background-color":"var(--ast-global-color-4)","background-image":"","background-repeat":"repeat","background-position":"center center","background-size":"auto","background-attachment":"scroll","background-type":"","background-media":"","overlay-type":"","overlay-color":"","overlay-opacity":"","overlay-gradient":""},"tablet":{"background-color":"var(--ast-global-color-4)","background-image":"","background-repeat":"repeat","background-position":"center center","background-size":"auto","background-attachment":"scroll","background-type":"","background-media":"","overlay-type":"","overlay-color":"","overlay-opacity":"","overlay-gradient":""},"mobile":{"background-color":"var(--ast-global-color-4)","background-image":"","background-repeat":"repeat","background-position":"center center","background-size":"auto","background-attachment":"scroll","background-type":"","background-media":"","overlay-type":"","overlay-color":"","overlay-opacity":"","overlay-gradient":""}},"footnotes":""},"class_list":["post-8","page","type-page","status-publish","hentry"],"_links":{"self":[{"href":"http:\/\/www.radiocatolica.org\/rcn\/wp-json\/wp\/v2\/pages\/8","targetHints":{"allow":["GET"]}}],"collection":[{"href":"http:\/\/www.radiocatolica.org\/rcn\/wp-json\/wp\/v2\/pages"}],"about":[{"href":"http:\/\/www.radiocatolica.org\/rcn\/wp-json\/wp\/v2\/types\/page"}],"author":[{"embeddable":true,"href":"http:\/\/www.radiocatolica.org\/rcn\/wp-json\/wp\/v2\/users\/1"}],"replies":[{"embeddable":true,"href":"http:\/\/www.radiocatolica.org\/rcn\/wp-json\/wp\/v2\/comments?post=8"}],"version-history":[{"count":158,"href":"http:\/\/www.radiocatolica.org\/rcn\/wp-json\/wp\/v2\/pages\/8\/revisions"}],"predecessor-version":[{"id":306,"href":"http:\/\/www.radiocatolica.org\/rcn\/wp-json\/wp\/v2\/pages\/8\/revisions\/306"}],"wp:attachment":[{"href":"http:\/\/www.radiocatolica.org\/rcn\/wp-json\/wp\/v2\/media?parent=8"}],"curies":[{"name":"wp","href":"https:\/\/api.w.org\/{rel}","templated":true}]}}